{"id":101,"date":"2019-01-28T15:02:45","date_gmt":"2019-01-28T15:02:45","guid":{"rendered":"http:\/\/www.ajk-spedition.cz\/?page_id=101"},"modified":"2019-09-03T10:07:40","modified_gmt":"2019-09-03T10:07:40","slug":"poptejte-dopravu","status":"publish","type":"page","link":"https:\/\/www.ajk-spedition.cz\/index.php\/poptejte-dopravu\/","title":{"rendered":"Mezin\u00e1rodn\u00ed &#038; vnitrost\u00e1tn\u00ed doprava"},"content":{"rendered":"<p><\/p>\n<p style=\"text-align: center;\">Hled\u00e1te slu\u017eby s p\u0159idanou hodnotou? Pak m\u00e1me pro V\u00e1s dobrou zpr\u00e1vu, jste tady spr\u00e1vn\u011b.\u00a0 Va\u0161\u00ed popt\u00e1vce se budeme ihned v\u011bnovat a\u00a0odpov\u00edme V\u00e1m na Va\u0161e dotazy.\u00a0Nez\u00e1vaznou cenovou\u00a0nab\u00eddku V\u00e1m\u00a0vytvo\u0159\u00edme do 30 minut.<\/p>\n<p><img loading=\"lazy\" decoding=\"async\" class=\"wp-image-248 aligncenter\" src=\"https:\/\/www.ajk-spedition.cz\/wp-content\/uploads\/2019\/01\/AJK-forklift-300x195.jpg\" alt=\"\" width=\"403\" height=\"262\" srcset=\"https:\/\/www.ajk-spedition.cz\/wp-content\/uploads\/2019\/01\/AJK-forklift-300x195.jpg 300w, https:\/\/www.ajk-spedition.cz\/wp-content\/uploads\/2019\/01\/AJK-forklift.jpg 396w\" sizes=\"auto, (max-width: 403px) 100vw, 403px\" \/><\/p>\n<p style=\"text-align: center;\">Kontaktovat n\u00e1s m\u016f\u017eete telefonicky 776 72 62 62 nebo vypln\u011bn\u00edm formul\u00e1\u0159e:<\/p>\n<p style=\"text-align: center;\"><div class=\"wpforms-container wpforms-container-full\" id=\"wpforms-110\"><form id=\"wpforms-form-110\" class=\"wpforms-validate wpforms-form\" data-formid=\"110\" method=\"post\" enctype=\"multipart\/form-data\" action=\"\/index.php\/wp-json\/wp\/v2\/pages\/101\" data-token=\"434647ffc084074bb0d2c17c0b275a3f\" data-token-time=\"1777125569\"><noscript class=\"wpforms-error-noscript\">Chcete-li vyplnit tento formul\u00e1\u0159, pros\u00edm povolte v prohl\u00ed\u017ee\u010di JavaScript.<\/noscript><div class=\"wpforms-field-container\"><div id=\"wpforms-110-field_15-container\" class=\"wpforms-field wpforms-field-textarea\" data-field-id=\"15\"><label class=\"wpforms-field-label\" for=\"wpforms-110-field_15\">Stru\u010dn\u00fd popis z\u00e1silky <span class=\"wpforms-required-label\">*<\/span><\/label><textarea id=\"wpforms-110-field_15\" class=\"wpforms-field-medium wpforms-field-required\" name=\"wpforms[fields][15]\" required><\/textarea><div class=\"wpforms-field-description\">Popi\u0161te pros\u00edm povahu zbo\u017e\u00ed<\/div><\/div><div id=\"wpforms-110-field_9-container\" class=\"wpforms-field wpforms-field-number\" data-field-id=\"9\"><label class=\"wpforms-field-label\" for=\"wpforms-110-field_9\">Hmotnost <span class=\"wpforms-required-label\">*<\/span><\/label><input type=\"number\" id=\"wpforms-110-field_9\" class=\"wpforms-field-medium wpforms-field-required\" name=\"wpforms[fields][9]\" required><div class=\"wpforms-field-description\">Uve\u010fte pros\u00edm celkovou v\u00e1hu v kilogramech (vkl\u00e1dejte  pouze \u010d\u00edsla)<\/div><\/div><div id=\"wpforms-110-field_10-container\" class=\"wpforms-field wpforms-field-text\" data-field-id=\"10\"><label class=\"wpforms-field-label\" for=\"wpforms-110-field_10\">Rozm\u011bry <span class=\"wpforms-required-label\">*<\/span><\/label><input type=\"text\" id=\"wpforms-110-field_10\" class=\"wpforms-field-medium wpforms-field-required\" name=\"wpforms[fields][10]\" required><div class=\"wpforms-field-description\">Uve\u010ft\u011b pros\u00edm rozm\u011bry jednotliv\u00fdch kus\u016f pop\u0159\u00edpad\u011b palet<\/div><\/div><div id=\"wpforms-110-field_6-container\" class=\"wpforms-field wpforms-field-text\" data-field-id=\"6\"><label class=\"wpforms-field-label\" for=\"wpforms-110-field_6\">Odkud <span class=\"wpforms-required-label\">*<\/span><\/label><input type=\"text\" id=\"wpforms-110-field_6\" class=\"wpforms-field-medium wpforms-field-required\" name=\"wpforms[fields][6]\" required><div class=\"wpforms-field-description\">M\u00edsto vyzvednut\u00ed<\/div><\/div><div id=\"wpforms-110-field_7-container\" class=\"wpforms-field wpforms-field-text\" data-field-id=\"7\"><label class=\"wpforms-field-label\" for=\"wpforms-110-field_7\">Kam <span class=\"wpforms-required-label\">*<\/span><\/label><input type=\"text\" id=\"wpforms-110-field_7\" class=\"wpforms-field-medium wpforms-field-required\" name=\"wpforms[fields][7]\" required><div class=\"wpforms-field-description\">M\u00edsto doru\u010den\u00ed<\/div><\/div><div id=\"wpforms-110-field_12-container\" class=\"wpforms-field wpforms-field-text\" data-field-id=\"12\"><label class=\"wpforms-field-label\" for=\"wpforms-110-field_12\">Firma <span class=\"wpforms-required-label\">*<\/span><\/label><input type=\"text\" id=\"wpforms-110-field_12\" class=\"wpforms-field-medium wpforms-field-required\" name=\"wpforms[fields][12]\" required><div class=\"wpforms-field-description\">V p\u0159\u00edpad\u011b fyzick\u00e9 osoby uve\u010fte pros\u00edm Va\u0161e jm\u00e9no<\/div><\/div><div id=\"wpforms-110-field_13-container\" class=\"wpforms-field wpforms-field-email\" data-field-id=\"13\"><label class=\"wpforms-field-label\" for=\"wpforms-110-field_13\">Email <span class=\"wpforms-required-label\">*<\/span><\/label><input type=\"email\" id=\"wpforms-110-field_13\" class=\"wpforms-field-medium wpforms-field-required\" name=\"wpforms[fields][13]\" spellcheck=\"false\" required><div class=\"wpforms-field-description\">Uve\u010fte pros\u00edm Va\u0161i emailovou adresu<\/div><\/div><div id=\"wpforms-110-field_14-container\" class=\"wpforms-field wpforms-field-number\" data-field-id=\"14\"><label class=\"wpforms-field-label\" for=\"wpforms-110-field_14\">Telefon<\/label><input type=\"number\" id=\"wpforms-110-field_14\" class=\"wpforms-field-medium\" name=\"wpforms[fields][14]\" ><div class=\"wpforms-field-description\">Uve\u010fte pros\u00edm Va\u0161e telefonn\u00ed \u010d\u00edslo<\/div><\/div><\/div><!-- .wpforms-field-container --><div class=\"wpforms-field wpforms-field-hp\"><label for=\"wpforms-110-field-hp\" class=\"wpforms-field-label\">Email<\/label><input type=\"text\" name=\"wpforms[hp]\" id=\"wpforms-110-field-hp\" class=\"wpforms-field-medium\"><\/div><div class=\"wpforms-submit-container\" ><input type=\"hidden\" name=\"wpforms[id]\" value=\"110\"><input type=\"hidden\" name=\"page_title\" value=\"\"><input type=\"hidden\" name=\"page_url\" value=\"https:\/\/www.ajk-spedition.cz\/index.php\/wp-json\/wp\/v2\/pages\/101\"><button type=\"submit\" name=\"wpforms[submit]\" id=\"wpforms-submit-110\" class=\"wpforms-submit\" data-alt-text=\"Odesl\u00e1no\" data-submit-text=\"Poslat\" aria-live=\"assertive\" value=\"wpforms-submit\">Poslat<\/button><\/div><\/form><\/div>  <!-- .wpforms-container --><\/p>\n<p><\/p>","protected":false},"excerpt":{"rendered":"<p>Hled\u00e1te slu\u017eby s p\u0159idanou hodnotou? Pak m\u00e1me pro V\u00e1s dobrou zpr\u00e1vu, jste tady spr\u00e1vn\u011b.\u00a0 Va\u0161\u00ed popt\u00e1vce se budeme ihned v\u011bnovat a\u00a0odpov\u00edme V\u00e1m na Va\u0161e dotazy.\u00a0Nez\u00e1vaznou cenovou\u00a0nab\u00eddku V\u00e1m\u00a0vytvo\u0159\u00edme do 30 minut. Kontaktovat n\u00e1s m\u016f\u017eete telefonicky 776 72 62 62 nebo vypln\u011bn\u00edm formul\u00e1\u0159e:<\/p>\n","protected":false},"author":1,"featured_media":0,"parent":0,"menu_order":0,"comment_status":"closed","ping_status":"closed","template":"","meta":{"jetpack_post_was_ever_published":false,"footnotes":""},"class_list":["post-101","page","type-page","status-publish","hentry"],"jetpack_sharing_enabled":true,"jetpack_shortlink":"https:\/\/wp.me\/PaFGCh-1D","_links":{"self":[{"href":"https:\/\/www.ajk-spedition.cz\/index.php\/wp-json\/wp\/v2\/pages\/101","targetHints":{"allow":["GET"]}}],"collection":[{"href":"https:\/\/www.ajk-spedition.cz\/index.php\/wp-json\/wp\/v2\/pages"}],"about":[{"href":"https:\/\/www.ajk-spedition.cz\/index.php\/wp-json\/wp\/v2\/types\/page"}],"author":[{"embeddable":true,"href":"https:\/\/www.ajk-spedition.cz\/index.php\/wp-json\/wp\/v2\/users\/1"}],"replies":[{"embeddable":true,"href":"https:\/\/www.ajk-spedition.cz\/index.php\/wp-json\/wp\/v2\/comments?post=101"}],"version-history":[{"count":25,"href":"https:\/\/www.ajk-spedition.cz\/index.php\/wp-json\/wp\/v2\/pages\/101\/revisions"}],"predecessor-version":[{"id":300,"href":"https:\/\/www.ajk-spedition.cz\/index.php\/wp-json\/wp\/v2\/pages\/101\/revisions\/300"}],"wp:attachment":[{"href":"https:\/\/www.ajk-spedition.cz\/index.php\/wp-json\/wp\/v2\/media?parent=101"}],"curies":[{"name":"wp","href":"https:\/\/api.w.org\/{rel}","templated":true}]}}