{"id":16,"date":"2019-01-28T08:15:40","date_gmt":"2019-01-28T08:15:40","guid":{"rendered":"http:\/\/www.ajk-spedition.cz\/?page_id=16"},"modified":"2019-09-03T09:59:25","modified_gmt":"2019-09-03T09:59:25","slug":"uvod","status":"publish","type":"page","link":"https:\/\/www.ajk-spedition.cz\/","title":{"rendered":"Kdo jsme ?"},"content":{"rendered":"<p><\/p>\n<p align=\"CENTER\">Jsme mlad\u00e1 \u00fasp<span style=\"font-family: Microsoft Sans Serif;\">\u011b\u0161<\/span>n\u00e1 spole<span style=\"font-family: Microsoft Sans Serif;\">\u010d<\/span>nost, kter\u00e1 vznikla d\u00edky mnohalet\u00fdm a bohat\u00fdm zku<span style=\"font-family: Microsoft Sans Serif;\">\u0161<\/span>enostem jej\u00edho zakladatele, kter\u00e9 se t\u00fdkaj\u00ed p<span style=\"font-family: Microsoft Sans Serif;\">\u0159<\/span>edev<span style=\"font-family: Microsoft Sans Serif;\">\u0161\u00ed<\/span>m mezin\u00e1rodn\u00ed kamionov\u00e9 dopravy. Jsme odborn\u00edky na p<span style=\"font-family: Microsoft Sans Serif;\">\u0159<\/span>epravu kusov\u00fdch, d\u00edl<span style=\"font-family: Microsoft Sans Serif;\">\u010d\u00ed<\/span>ch a celovozov\u00fdch z\u00e1silek, ale zam<span style=\"font-family: Microsoft Sans Serif;\">\u011b\u0159<\/span>ujeme se i na n<span style=\"font-family: Microsoft Sans Serif;\">\u011b<\/span>kter\u00e9 speci\u00e1ln\u00ed p<span style=\"font-family: Microsoft Sans Serif;\">\u0159<\/span>epravy, jako jsou p<span style=\"font-family: Microsoft Sans Serif;\">\u0159<\/span>epravy sypk\u00fdch hmot a n<span style=\"font-family: Microsoft Sans Serif;\">\u011b<\/span>kter\u00e9 p<span style=\"font-family: Microsoft Sans Serif;\">\u0159<\/span>epravy nestandardn\u00edch rozm<span style=\"font-family: Microsoft Sans Serif;\">\u011b<\/span>r<span style=\"font-family: Microsoft Sans Serif;\">\u016f <\/span>i hmotnost\u00ed.<\/p>\n<p align=\"CENTER\">Po kr\u00e1tk\u00e9 dob<span style=\"font-family: Microsoft Sans Serif;\">\u011b <\/span>p<span style=\"font-family: Microsoft Sans Serif;\">\u016f<\/span>soben\u00ed spole<span style=\"font-family: Microsoft Sans Serif;\">\u010d<\/span>nosti p<span style=\"font-family: Microsoft Sans Serif;\">\u0159<\/span>ibyla k dosavadn\u00edm <span style=\"font-family: Microsoft Sans Serif;\">\u010d<\/span>innostem tak\u00e9 dal<span style=\"font-family: Microsoft Sans Serif;\">\u0161\u00ed <\/span>aktivita, kter\u00e1 \u00fazce souvis\u00ed s kamionovou dopravou a bezpe<span style=\"font-family: Microsoft Sans Serif;\">\u010d<\/span>n\u00fdm chov\u00e1n\u00edm <span style=\"font-family: Microsoft Sans Serif;\">\u0159<\/span>idi<span style=\"font-family: Microsoft Sans Serif;\">\u010d\u016f <\/span>v silni<span style=\"font-family: Microsoft Sans Serif;\">\u010d<\/span>n\u00edm provozu. Na<span style=\"font-family: Microsoft Sans Serif;\">\u0161<\/span>e spole<span style=\"font-family: Microsoft Sans Serif;\">\u010d<\/span>nost z\u00edskala na z\u00e1klad<span style=\"font-family: Microsoft Sans Serif;\">\u011b <\/span>rozhodnut\u00ed Krajsk\u00e9ho \u00fa\u0159adu \u00dasteck\u00e9ho kraje akreditaci k provozov\u00e1n\u00ed v\u00fduky a v\u00fdcviku v r\u00e1mci zdokonalov\u00e1n\u00ed odborn\u00e9 zp<span style=\"font-family: Microsoft Sans Serif;\">\u016f<\/span>sobilosti <span style=\"font-family: Microsoft Sans Serif;\">\u0159<\/span>idi<span style=\"font-family: Microsoft Sans Serif;\">\u010d\u016f <\/span>pro \u00fa\u010dely profesn\u00ed zp<span style=\"font-family: Microsoft Sans Serif;\">\u016f<\/span>sobilosti k <span style=\"font-family: Microsoft Sans Serif;\">\u0159\u00ed<\/span>zen\u00ed motorov\u00fdch vozidel pro skupinu &#8222;C, C+E&#8220; <span style=\"font-family: Microsoft Sans Serif;\">\u0159<\/span>idi<span style=\"font-family: Microsoft Sans Serif;\">\u010d<\/span>sk\u00fdch opr\u00e1vn<span style=\"font-family: Microsoft Sans Serif;\">\u011b<\/span>n\u00ed a t\u00edm jsme doc\u00edlili roz<span style=\"font-family: Microsoft Sans Serif;\">\u0161\u00ed\u0159<\/span>en\u00ed portfolia poskytovan\u00fdch slu<span style=\"font-family: Microsoft Sans Serif;\">\u017e<\/span>eb v oblasti dopravy.<\/p>\n<p align=\"CENTER\">N\u00e1\u0161 hlavn\u00ed c\u00edl je p<span style=\"font-family: Microsoft Sans Serif;\">\u0159<\/span>edev<span style=\"font-family: Microsoft Sans Serif;\">\u0161\u00ed<\/span>m kvalitn\u00ed zprost<span style=\"font-family: Microsoft Sans Serif;\">\u0159<\/span>edkov\u00e1n\u00ed dopravn\u00edch slu<span style=\"font-family: Microsoft Sans Serif;\">\u017e<\/span>eb bez kompromis<span style=\"font-family: Microsoft Sans Serif;\">\u016f<\/span>. Na<span style=\"font-family: Microsoft Sans Serif;\">\u0161\u00ed <\/span>p<span style=\"font-family: Microsoft Sans Serif;\">\u0159<\/span>ednost\u00ed je flexibilita, rychlost a odhodlanost <span style=\"font-family: Microsoft Sans Serif;\">\u0159<\/span>e<span style=\"font-family: Microsoft Sans Serif;\">\u0161<\/span>it po<span style=\"font-family: Microsoft Sans Serif;\">\u017e<\/span>adavky p<span style=\"font-family: Microsoft Sans Serif;\">\u0159\u00ed<\/span>mo na m\u00edru na<span style=\"font-family: Microsoft Sans Serif;\">\u0161<\/span>im z\u00e1kazn\u00edk<span style=\"font-family: Microsoft Sans Serif;\">\u016f<\/span>m.<\/p>\n<p align=\"CENTER\">&#8222;Will always deliver&#8220;<\/p>\n<p>&nbsp;<\/p>\n<p><img loading=\"lazy\" decoding=\"async\" class=\" wp-image-42 aligncenter\" src=\"https:\/\/www.ajk-spedition.cz\/wp-content\/uploads\/2019\/01\/Volvo-e1548782423934-300x221.png\" alt=\"\" width=\"429\" height=\"316\" \/><\/p>","protected":false},"excerpt":{"rendered":"<p>Jsme mlad\u00e1 \u00fasp\u011b\u0161n\u00e1 spole\u010dnost, kter\u00e1 vznikla d\u00edky mnohalet\u00fdm a bohat\u00fdm zku\u0161enostem jej\u00edho zakladatele, kter\u00e9 se t\u00fdkaj\u00ed p\u0159edev\u0161\u00edm mezin\u00e1rodn\u00ed kamionov\u00e9 dopravy. Jsme odborn\u00edky na p\u0159epravu kusov\u00fdch, d\u00edl\u010d\u00edch a celovozov\u00fdch z\u00e1silek, ale zam\u011b\u0159ujeme se i na n\u011bkter\u00e9 speci\u00e1ln\u00ed p\u0159epravy, jako jsou p\u0159epravy sypk\u00fdch hmot a n\u011bkter\u00e9 p\u0159epravy nestandardn\u00edch rozm\u011br\u016f i hmotnost\u00ed. Po kr\u00e1tk\u00e9 dob\u011b p\u016fsoben\u00ed spole\u010dnosti p\u0159ibyla &hellip; <\/p>\n<p class=\"link-more\"><a href=\"https:\/\/www.ajk-spedition.cz\/\" class=\"more-link\">Pokra\u010dovat ve \u010dten\u00ed<span class=\"screen-reader-text\"> &#8222;Kdo jsme ?&#8220;<\/span><\/a><\/p>\n","protected":false},"author":1,"featured_media":0,"parent":0,"menu_order":0,"comment_status":"closed","ping_status":"closed","template":"","meta":{"jetpack_post_was_ever_published":false,"footnotes":""},"class_list":["post-16","page","type-page","status-publish","hentry"],"jetpack_sharing_enabled":true,"jetpack_shortlink":"https:\/\/wp.me\/PaFGCh-g","_links":{"self":[{"href":"https:\/\/www.ajk-spedition.cz\/index.php\/wp-json\/wp\/v2\/pages\/16","targetHints":{"allow":["GET"]}}],"collection":[{"href":"https:\/\/www.ajk-spedition.cz\/index.php\/wp-json\/wp\/v2\/pages"}],"about":[{"href":"https:\/\/www.ajk-spedition.cz\/index.php\/wp-json\/wp\/v2\/types\/page"}],"author":[{"embeddable":true,"href":"https:\/\/www.ajk-spedition.cz\/index.php\/wp-json\/wp\/v2\/users\/1"}],"replies":[{"embeddable":true,"href":"https:\/\/www.ajk-spedition.cz\/index.php\/wp-json\/wp\/v2\/comments?post=16"}],"version-history":[{"count":24,"href":"https:\/\/www.ajk-spedition.cz\/index.php\/wp-json\/wp\/v2\/pages\/16\/revisions"}],"predecessor-version":[{"id":297,"href":"https:\/\/www.ajk-spedition.cz\/index.php\/wp-json\/wp\/v2\/pages\/16\/revisions\/297"}],"wp:attachment":[{"href":"https:\/\/www.ajk-spedition.cz\/index.php\/wp-json\/wp\/v2\/media?parent=16"}],"curies":[{"name":"wp","href":"https:\/\/api.w.org\/{rel}","templated":true}]}}