{"id":25,"date":"2019-01-28T08:25:33","date_gmt":"2019-01-28T08:25:33","guid":{"rendered":"http:\/\/www.ajk-spedition.cz\/?page_id=25"},"modified":"2019-09-03T10:26:42","modified_gmt":"2019-09-03T10:26:42","slug":"akreditovane-skolici-stredisko","status":"publish","type":"page","link":"https:\/\/www.ajk-spedition.cz\/index.php\/akreditovane-skolici-stredisko\/","title":{"rendered":"Centrum vzd\u011bl\u00e1v\u00e1n\u00ed \u0159idi\u010d\u016f"},"content":{"rendered":"<p><\/p>\n<p style=\"text-align: center;\">Prov\u00e1d\u00edme pravideln\u00e1 \u0161kolen\u00ed\u00a0<span lang=\"CS\" style=\"font-size: 1rem;\">odborn<\/span><span lang=\"EN\" style=\"font-size: 1rem;\">\u00e9<\/span><span lang=\"CS\" style=\"font-size: 1rem;\"> zp\u016fsobilosti\u00a0<\/span>\u0159idi\u010d\u016f skupin C, C+E, kter\u00e1 jsou nezbytn\u00e1 k v\u00fdkonu povol\u00e1n\u00ed pro drtivou v\u011bt\u0161inu \u0159idi\u010d\u016f v n\u00e1kladn\u00ed doprav\u011b. \u0160kolen\u00ed prov\u00e1d\u00edme jak pro jednotlivce, tak i pro skupiny od 10 do 30 osob.<\/p>\n<p style=\"text-align: center;\">Pot\u0159ebujete pro\u0161kolit sebe nebo Va\u0161e \u0159idi\u010de? Pak jste na spr\u00e1vn\u00e9 adrese!<\/p>\n<p style=\"text-align: center;\"><img loading=\"lazy\" decoding=\"async\" class=\"alignnone wp-image-144\" src=\"https:\/\/www.ajk-spedition.cz\/wp-content\/uploads\/2019\/01\/u\u010debna-AJK-300x200.jpg\" alt=\"\" width=\"473\" height=\"315\" srcset=\"https:\/\/www.ajk-spedition.cz\/wp-content\/uploads\/2019\/01\/u\u010debna-AJK-300x200.jpg 300w, https:\/\/www.ajk-spedition.cz\/wp-content\/uploads\/2019\/01\/u\u010debna-AJK-768x512.jpg 768w, https:\/\/www.ajk-spedition.cz\/wp-content\/uploads\/2019\/01\/u\u010debna-AJK-1024x683.jpg 1024w\" sizes=\"auto, (max-width: 473px) 100vw, 473px\" \/><\/p>\n<p style=\"text-align: center;\">Domluvte si s n\u00e1mi term\u00edn \u0161kolen\u00ed vypln\u011bn\u00edm formul\u00e1\u0159e:<\/p>\n<p style=\"text-align: center;\"><div class=\"wpforms-container wpforms-container-full\" id=\"wpforms-171\"><form id=\"wpforms-form-171\" class=\"wpforms-validate wpforms-form\" data-formid=\"171\" method=\"post\" enctype=\"multipart\/form-data\" action=\"\/index.php\/wp-json\/wp\/v2\/pages\/25\" data-token=\"f24db142ceaf4480aa52d1c1e77d3936\" data-token-time=\"1777125965\"><noscript class=\"wpforms-error-noscript\">Chcete-li vyplnit tento formul\u00e1\u0159, pros\u00edm povolte v prohl\u00ed\u017ee\u010di JavaScript.<\/noscript><div class=\"wpforms-field-container\"><div id=\"wpforms-171-field_3-container\" class=\"wpforms-field wpforms-field-text\" data-field-id=\"3\"><label class=\"wpforms-field-label\" for=\"wpforms-171-field_3\">Firma<\/label><input type=\"text\" id=\"wpforms-171-field_3\" class=\"wpforms-field-large\" name=\"wpforms[fields][3]\" ><div class=\"wpforms-field-description\">V p\u0159\u00edpad\u011b fyzick\u00e9 osoby uve\u010fte pros\u00edm Va\u0161e jm\u00e9no<\/div><\/div><div id=\"wpforms-171-field_1-container\" class=\"wpforms-field wpforms-field-text\" data-field-id=\"1\"><label class=\"wpforms-field-label\" for=\"wpforms-171-field_1\">Po\u010det \u00fa\u010dastn\u00edk\u016f <span class=\"wpforms-required-label\">*<\/span><\/label><input type=\"text\" id=\"wpforms-171-field_1\" class=\"wpforms-field-medium wpforms-field-required\" name=\"wpforms[fields][1]\" required><div class=\"wpforms-field-description\">Uve\u010fte pros\u00edm po\u010det osob<\/div><\/div><div id=\"wpforms-171-field_2-container\" class=\"wpforms-field wpforms-field-text\" data-field-id=\"2\"><label class=\"wpforms-field-label\" for=\"wpforms-171-field_2\">Term\u00edn \u0161kolen\u00ed <span class=\"wpforms-required-label\">*<\/span><\/label><input type=\"text\" id=\"wpforms-171-field_2\" class=\"wpforms-field-medium wpforms-field-required\" name=\"wpforms[fields][2]\" required><div class=\"wpforms-field-description\">Uve\u010fte pros\u00edm V\u00e1mi p\u0159edpokl\u00e1dan\u00fd term\u00edn \u0161kolen\u00ed<\/div><\/div><div id=\"wpforms-171-field_5-container\" class=\"wpforms-field wpforms-field-email\" data-field-id=\"5\"><label class=\"wpforms-field-label\" for=\"wpforms-171-field_5\">Email <span class=\"wpforms-required-label\">*<\/span><\/label><input type=\"email\" id=\"wpforms-171-field_5\" class=\"wpforms-field-medium wpforms-field-required\" name=\"wpforms[fields][5]\" spellcheck=\"false\" required><div class=\"wpforms-field-description\">Uve\u010fte pros\u00edm Va\u0161i emailovou adresu<\/div><\/div><div id=\"wpforms-171-field_6-container\" class=\"wpforms-field wpforms-field-number\" data-field-id=\"6\"><label class=\"wpforms-field-label\" for=\"wpforms-171-field_6\">Telefon <span class=\"wpforms-required-label\">*<\/span><\/label><input type=\"number\" id=\"wpforms-171-field_6\" class=\"wpforms-field-medium wpforms-field-required\" name=\"wpforms[fields][6]\" required><div class=\"wpforms-field-description\">Uve\u010fte pros\u00edm Va\u0161e telefonn\u00ed \u010d\u00edslo<\/div><\/div><div id=\"wpforms-171-field_8-container\" class=\"wpforms-field wpforms-field-textarea\" data-field-id=\"8\"><label class=\"wpforms-field-label\" for=\"wpforms-171-field_8\">Pozn\u00e1mka<\/label><textarea id=\"wpforms-171-field_8\" class=\"wpforms-field-medium\" name=\"wpforms[fields][8]\" ><\/textarea><div class=\"wpforms-field-description\">Pokud m\u00e1te n\u011bco na srdci, napi\u0161te n\u00e1m to!<\/div><\/div><\/div><!-- .wpforms-field-container --><div class=\"wpforms-field wpforms-field-hp\"><label for=\"wpforms-171-field-hp\" class=\"wpforms-field-label\">Email<\/label><input type=\"text\" name=\"wpforms[hp]\" id=\"wpforms-171-field-hp\" class=\"wpforms-field-medium\"><\/div><div class=\"wpforms-submit-container\" ><input type=\"hidden\" name=\"wpforms[id]\" value=\"171\"><input type=\"hidden\" name=\"page_title\" value=\"\"><input type=\"hidden\" name=\"page_url\" value=\"https:\/\/www.ajk-spedition.cz\/index.php\/wp-json\/wp\/v2\/pages\/25\"><button type=\"submit\" name=\"wpforms[submit]\" id=\"wpforms-submit-171\" class=\"wpforms-submit\" data-alt-text=\"POS\u00cdL\u00c1M...\" data-submit-text=\"POSLAT\" aria-live=\"assertive\" value=\"wpforms-submit\">POSLAT<\/button><\/div><\/form><\/div>  <!-- .wpforms-container --><\/p>\n<p style=\"text-align: center;\">\n<p><\/p>","protected":false},"excerpt":{"rendered":"<p>Prov\u00e1d\u00edme pravideln\u00e1 \u0161kolen\u00ed\u00a0odborn\u00e9 zp\u016fsobilosti\u00a0\u0159idi\u010d\u016f skupin C, C+E, kter\u00e1 jsou nezbytn\u00e1 k v\u00fdkonu povol\u00e1n\u00ed pro drtivou v\u011bt\u0161inu \u0159idi\u010d\u016f v n\u00e1kladn\u00ed doprav\u011b. \u0160kolen\u00ed prov\u00e1d\u00edme jak pro jednotlivce, tak i pro skupiny od 10 do 30 osob. Pot\u0159ebujete pro\u0161kolit sebe nebo Va\u0161e \u0159idi\u010de? Pak jste na spr\u00e1vn\u00e9 adrese! Domluvte si s n\u00e1mi term\u00edn \u0161kolen\u00ed vypln\u011bn\u00edm formul\u00e1\u0159e:<\/p>\n","protected":false},"author":1,"featured_media":0,"parent":0,"menu_order":0,"comment_status":"closed","ping_status":"closed","template":"","meta":{"jetpack_post_was_ever_published":false,"footnotes":""},"class_list":["post-25","page","type-page","status-publish","hentry"],"jetpack_sharing_enabled":true,"jetpack_shortlink":"https:\/\/wp.me\/PaFGCh-p","_links":{"self":[{"href":"https:\/\/www.ajk-spedition.cz\/index.php\/wp-json\/wp\/v2\/pages\/25","targetHints":{"allow":["GET"]}}],"collection":[{"href":"https:\/\/www.ajk-spedition.cz\/index.php\/wp-json\/wp\/v2\/pages"}],"about":[{"href":"https:\/\/www.ajk-spedition.cz\/index.php\/wp-json\/wp\/v2\/types\/page"}],"author":[{"embeddable":true,"href":"https:\/\/www.ajk-spedition.cz\/index.php\/wp-json\/wp\/v2\/users\/1"}],"replies":[{"embeddable":true,"href":"https:\/\/www.ajk-spedition.cz\/index.php\/wp-json\/wp\/v2\/comments?post=25"}],"version-history":[{"count":35,"href":"https:\/\/www.ajk-spedition.cz\/index.php\/wp-json\/wp\/v2\/pages\/25\/revisions"}],"predecessor-version":[{"id":306,"href":"https:\/\/www.ajk-spedition.cz\/index.php\/wp-json\/wp\/v2\/pages\/25\/revisions\/306"}],"wp:attachment":[{"href":"https:\/\/www.ajk-spedition.cz\/index.php\/wp-json\/wp\/v2\/media?parent=25"}],"curies":[{"name":"wp","href":"https:\/\/api.w.org\/{rel}","templated":true}]}}